{"id":7690,"date":"2026-02-03T12:11:55","date_gmt":"2026-02-03T11:11:55","guid":{"rendered":"https:\/\/athl.wdemo.net\/clausula-informativa-para-el-formulario-contacto\/"},"modified":"2026-02-26T11:37:18","modified_gmt":"2026-02-26T10:37:18","slug":"clausula-informativa-para-el-formulario-contacto","status":"publish","type":"page","link":"https:\/\/athl.wdemo.net\/es\/clausula-informativa-para-el-formulario-contacto\/","title":{"rendered":"Cl\u00e1usula informativa para el formulario \u201ccontacto\u201d"},"content":{"rendered":"\t\t<div data-elementor-type=\"wp-page\" data-elementor-id=\"7690\" class=\"elementor elementor-7690 elementor-5347\" data-elementor-post-type=\"page\">\n\t\t\t\t<div class=\"elementor-element elementor-element-a3e5385 e-con-full e-flex elementor-invisible e-con e-parent\" data-id=\"a3e5385\" data-element_type=\"container\" data-e-type=\"container\" data-settings=\"{&quot;background_background&quot;:&quot;classic&quot;,&quot;animation&quot;:&quot;fadeIn&quot;,&quot;animation_widescreen&quot;:&quot;fadeIn&quot;}\">\n\t\t\t\t<div class=\"elementor-element elementor-element-eba2330 elementor-widescreen-align-left elementor-tablet-align-center elementor-widget elementor-widget-breadcrumbs\" data-id=\"eba2330\" data-element_type=\"widget\" data-e-type=\"widget\" data-widget_type=\"breadcrumbs.default\">\n\t\t\t\t\t<p id=\"breadcrumbs\"><span><span><a href=\"https:\/\/athl.wdemo.net\/es\/\">Hasiera<\/a><\/span><\/span><\/p>\t\t\t\t<\/div>\n\t\t\t\t<div class=\"elementor-element elementor-element-196fc0d elementor-widget elementor-widget-heading\" data-id=\"196fc0d\" data-element_type=\"widget\" data-e-type=\"widget\" data-widget_type=\"heading.default\">\n\t\t\t\t\t<h1 class=\"elementor-heading-title elementor-size-default\">Cl\u00e1usula informativa para el formulario \u201ccontacto\u201d<\/h1>\t\t\t\t<\/div>\n\t\t\t\t<\/div>\n\t\t<div class=\"elementor-element elementor-element-56981a5e e-con-full e-flex elementor-invisible e-con e-parent\" data-id=\"56981a5e\" data-element_type=\"container\" data-e-type=\"container\" data-settings=\"{&quot;animation&quot;:&quot;fadeInUp&quot;}\">\n\t\t\t\t<div class=\"elementor-element elementor-element-3182c921 elementor-widget elementor-widget-text-editor\" data-id=\"3182c921\" data-element_type=\"widget\" data-e-type=\"widget\" data-widget_type=\"text-editor.default\">\n\t\t\t\t\t\t\t\t\t<h4>Informaci\u00f3n sobre tratamiento de datos personalesa<\/h4>\n<p>De acuerdo con lo dispuesto por el Reglamento General de Protecci\u00f3n de Datos y por la Ley Org\u00e1nica 3\/2018, de 5 de diciembre, de Protecci\u00f3n de Datos Personales y garant\u00eda de los derechos digitales, te informamos de las siguientes cuestiones relativas a los tratamientos que hacemos de tus datos personales:<\/p>\n<p><strong>Responsable del tratamiento<\/strong>: ATHLON, S. COOP., con NIF n\u00ba F20332748, y domicilio en calle Loramendi, n\u00ba 4, C.P. 20500 de Mondrag\u00f3n (Guip\u00fazcoa).<\/p>\n<p><strong>Datos de contacto del Delegado de Protecci\u00f3n de Datos<\/strong><\/p>\n<p><strong>Finalidad del tratamiento<\/strong>: te informamos de que utilizaremos tus datos personales para gestionar y dar respuesta a la consulta o solicitud que realizas a trav\u00e9s de este formulario.&nbsp;<\/p>\n<p>Del mismo modo, en caso de que marques la casilla habilitada al efecto junto al formulario, utilizaremos tus datos personales para enviarte boletines informativos y comunicaciones comerciales sobre noticias, novedades, nuestros productos, servicios y otras cuestiones relativas a nuestra empresa y nuestro \u00e1mbito profesional.<\/p>\n<p>Para el env\u00edo de este tipo de comunicaciones comerciales utilizamos WIX, cuyo uso supone la instalaci\u00f3n por parte del prestador del citado servicio en dichos env\u00edos de dispositivos de seguimiento de la actividad de los destinatarios, a fin de controlar la apertura de los correos y la pulsaci\u00f3n de los enlaces contenidos en los correos, y poder elaborar con la informaci\u00f3n recabada informes de seguimiento de las campa\u00f1as.<\/p>\n<p><strong>Datos personales que recabamos<\/strong>: todos los datos personales que recabamos a trav\u00e9s de este formulario son los necesarios para gestionar tu consulta o solicitud de tal forma que es obligatorio proporcionarlos por lo que, en caso de no hacerlo, no podremos atenderla.<\/p>\n<p><strong>Legitimaci\u00f3n del tratamiento<\/strong>: la base jur\u00eddica que legitima el tratamiento de tus datos personales es que el mismo es necesario para la ejecuci\u00f3n de la relaci\u00f3n jur\u00eddica que nace al contactar con nosotros a trav\u00e9s de este formulario, es decir, es necesario para atender y responder la consulta o solicitud que realizas.<\/p>\n<p>Respecto al env\u00edo de boletines informativos y comunicaciones comerciales, la base jur\u00eddica que legitima dicho tratamiento es el consentimiento que, en su caso, prestes marcando la casilla habilitada al efecto junto al formulario. En cualquier momento podr\u00e1s retirar ese consentimiento, as\u00ed como en cada comunicaci\u00f3n que recibas, donde hemos habilitado para ello un sistema sencillo y gratuito para darte de baja y dejar de recibirla. No obstante, la retirada del consentimiento no afectar\u00e1 a la licitud del tratamiento basada en el consentimiento previo a su retirada<\/p>\n<p><strong>Destinatarios de los datos<\/strong>: los datos personales que nos proporcionas no se comunicar\u00e1n a terceros salvo que sea necesario para el cumplimiento de obligaciones legales.<\/p>\n<p>No obstante, para algunas cuestiones de gesti\u00f3n de la informaci\u00f3n utilizamos servicios de terceros, que act\u00faan como encargados del tratamiento, con quienes hemos firmado el correspondiente contrato de tratamiento de datos de acuerdo con lo dispuesto por el art\u00edculo 28.3 del Reglamento General de Protecci\u00f3n de Datos.<\/p>\n<p><strong>Transferencias internacionales de datos:<\/strong> utilizamos diferentes servicios prestados por proveedores que act\u00faan como encargados del tratamiento si bien pueden estar ubicados o alojar la informaci\u00f3n y los datos personales fuera del Espacio Econ\u00f3mico Europeo. No obstante, las transferencias internacionales de datos que suponen su uso se realizan conforme a las exigencias del RGPD, ya sea por estar basadas en una decisi\u00f3n de adecuaci\u00f3n (por ejemplo, Marco de Privacidad de Datos UE-EE.UU.), en garant\u00edas adecuadas (por ejemplo, cl\u00e1usulas contractuales tipo), o, en su caso, por contar el destinatario con normas corporativas vinculantes. Excepcionalmente, y solo cuando resulte aplicable, podr\u00e1n realizarse al amparo de alguna de las excepciones para situaciones espec\u00edficas igualmente contempladas por el propio RGPD (por ejemplo, consentimiento del interesado, ejecuci\u00f3n de un contrato, etc.). Puedes solicitar informaci\u00f3n adicional sobre las transferencias internacionales realizadas y las garant\u00edas aplicadas contactando con el Delegado de Protecci\u00f3n de Datos en cualquiera de las direcciones antes indicadas.<\/p>\n<p><strong>Plazo de conservaci\u00f3n de los datos<\/strong>: conservaremos tus datos personales durante la gesti\u00f3n de la consulta o solicitud que nos realizas y, posteriormente, durante los plazos necesarios para el cumplimiento de obligaciones legales.<\/p>\n<p>En relaci\u00f3n al env\u00edo de boletines informativos y comunicaciones comerciales, tus datos personales identificativos y de contacto se conservar\u00e1n hasta que revoques el consentimiento que, en su caso, hubieras prestado, lo cual podr\u00e1s hacer en cualquier momento y en cada comunicaci\u00f3n que recibas, donde hemos habilitado un sistema sencillo y gratuito para darte de baja y dejar de recibirla.&nbsp;<\/p>\n<p><strong>Derechos de protecci\u00f3n de datos:<\/strong> puedes solicitar el acceso a tus datos personales, la rectificaci\u00f3n, supresi\u00f3n, la limitaci\u00f3n del tratamiento, oposici\u00f3n o la portabilidad de los mismos enviando una solicitud por escrito dirigida a ATHLON, S. COOP., en calle Loramendi, n\u00ba 4 &#8211; C.P. 20500 de Mondrag\u00f3n (Guip\u00fazcoa), o bien enviando un correo electr\u00f3nico a rgpd@athlon.es.&nbsp;<\/p>\n<p><strong>Reclamaci\u00f3n ante la autoridad de control:<\/strong> puedes presentar una reclamaci\u00f3n ante la Agencia Espa\u00f1ola de Protecci\u00f3n de Datos, bien a trav\u00e9s de su sede electr\u00f3nica o en su domicilio, en calle Jorge Juan, n\u00ba 6, C.P. 28001 de Madrid.<\/p>\t\t\t\t\t\t\t\t<\/div>\n\t\t\t\t<\/div>\n\t\t\t\t<\/div>\n\t\t","protected":false},"excerpt":{"rendered":"<p>Cl\u00e1usula informativa para el formulario \u201ccontacto\u201d Informaci\u00f3n sobre tratamiento de datos personalesa De acuerdo con lo dispuesto por el Reglamento General de Protecci\u00f3n de Datos y por la Ley Org\u00e1nica 3\/2018, de 5 de diciembre, de Protecci\u00f3n de Datos Personales y garant\u00eda de los derechos digitales, te informamos de las siguientes cuestiones relativas a los [&hellip;]<\/p>\n","protected":false},"author":2,"featured_media":0,"parent":0,"menu_order":0,"comment_status":"closed","ping_status":"closed","template":"","meta":{"_acf_changed":false,"footnotes":""},"class_list":["post-7690","page","type-page","status-publish","hentry"],"acf":[],"yoast_head":"<!-- This site is optimized with the Yoast SEO plugin v26.9 - https:\/\/yoast.com\/product\/yoast-seo-wordpress\/ -->\n<title>Cl\u00e1usula informativa para el formulario \u201ccontacto\u201d &#8226; Athlon<\/title>\n<meta name=\"robots\" content=\"noindex, follow, max-snippet:-1, max-image-preview:large, max-video-preview:-1\" \/>\n<meta property=\"og:locale\" content=\"es_ES\" \/>\n<meta property=\"og:type\" content=\"article\" \/>\n<meta property=\"og:title\" content=\"Cl\u00e1usula informativa para el formulario \u201ccontacto\u201d &#8226; Athlon\" \/>\n<meta property=\"og:description\" content=\"Cl\u00e1usula informativa para el formulario \u201ccontacto\u201d Informaci\u00f3n sobre tratamiento de datos personalesa De acuerdo con lo dispuesto por el Reglamento General de Protecci\u00f3n de Datos y por la Ley Org\u00e1nica 3\/2018, de 5 de diciembre, de Protecci\u00f3n de Datos Personales y garant\u00eda de los derechos digitales, te informamos de las siguientes cuestiones relativas a los [&hellip;]\" \/>\n<meta property=\"og:url\" content=\"https:\/\/athl.wdemo.net\/es\/clausula-informativa-para-el-formulario-contacto\/\" \/>\n<meta property=\"og:site_name\" content=\"Athlon\" \/>\n<meta property=\"article:publisher\" content=\"https:\/\/www.facebook.com\/AthlonKoop\/\" \/>\n<meta property=\"article:modified_time\" content=\"2026-02-26T10:37:18+00:00\" \/>\n<meta property=\"og:image\" content=\"https:\/\/athl.wdemo.net\/wp-content\/uploads\/2026\/01\/main-image.jpg\" \/>\n\t<meta property=\"og:image:width\" content=\"1920\" \/>\n\t<meta property=\"og:image:height\" content=\"1200\" \/>\n\t<meta property=\"og:image:type\" content=\"image\/jpeg\" \/>\n<meta name=\"twitter:card\" content=\"summary_large_image\" \/>\n<meta name=\"twitter:label1\" content=\"Tiempo de lectura\" \/>\n\t<meta name=\"twitter:data1\" content=\"4 minutos\" \/>\n<script type=\"application\/ld+json\" class=\"yoast-schema-graph\">{\"@context\":\"https:\/\/schema.org\",\"@graph\":[{\"@type\":\"WebPage\",\"@id\":\"https:\/\/athl.wdemo.net\/es\/clausula-informativa-para-el-formulario-contacto\/\",\"url\":\"https:\/\/athl.wdemo.net\/es\/clausula-informativa-para-el-formulario-contacto\/\",\"name\":\"Cl\u00e1usula informativa para el formulario \u201ccontacto\u201d &#8226; Athlon\",\"isPartOf\":{\"@id\":\"https:\/\/athl.wdemo.net\/es\/#website\"},\"datePublished\":\"2026-02-03T11:11:55+00:00\",\"dateModified\":\"2026-02-26T10:37:18+00:00\",\"breadcrumb\":{\"@id\":\"https:\/\/athl.wdemo.net\/es\/clausula-informativa-para-el-formulario-contacto\/#breadcrumb\"},\"inLanguage\":\"es\",\"potentialAction\":[{\"@type\":\"ReadAction\",\"target\":[\"https:\/\/athl.wdemo.net\/es\/clausula-informativa-para-el-formulario-contacto\/\"]}]},{\"@type\":\"BreadcrumbList\",\"@id\":\"https:\/\/athl.wdemo.net\/es\/clausula-informativa-para-el-formulario-contacto\/#breadcrumb\",\"itemListElement\":[{\"@type\":\"ListItem\",\"position\":1,\"name\":\"Hasiera\",\"item\":\"https:\/\/athl.wdemo.net\/es\/\"},{\"@type\":\"ListItem\",\"position\":2,\"name\":\"Cl\u00e1usula informativa para el formulario \u201ccontacto\u201d\"}]},{\"@type\":\"WebSite\",\"@id\":\"https:\/\/athl.wdemo.net\/es\/#website\",\"url\":\"https:\/\/athl.wdemo.net\/es\/\",\"name\":\"Athlon\",\"description\":\"Jarduera fisikoa bizi-ohitura osasungarri gisa sustatzea\",\"publisher\":{\"@id\":\"https:\/\/athl.wdemo.net\/es\/#organization\"},\"potentialAction\":[{\"@type\":\"SearchAction\",\"target\":{\"@type\":\"EntryPoint\",\"urlTemplate\":\"https:\/\/athl.wdemo.net\/es\/?s={search_term_string}\"},\"query-input\":{\"@type\":\"PropertyValueSpecification\",\"valueRequired\":true,\"valueName\":\"search_term_string\"}}],\"inLanguage\":\"es\"},{\"@type\":\"Organization\",\"@id\":\"https:\/\/athl.wdemo.net\/es\/#organization\",\"name\":\"ATHLON KOOP. E.\",\"alternateName\":\"Athlon. Bizimodu osasungarrien sustapena\",\"url\":\"https:\/\/athl.wdemo.net\/es\/\",\"logo\":{\"@type\":\"ImageObject\",\"inLanguage\":\"es\",\"@id\":\"https:\/\/athl.wdemo.net\/es\/#\/schema\/logo\/image\/\",\"url\":\"https:\/\/athl.wdemo.net\/wp-content\/uploads\/2025\/12\/logo_cg.svg\",\"contentUrl\":\"https:\/\/athl.wdemo.net\/wp-content\/uploads\/2025\/12\/logo_cg.svg\",\"width\":547,\"height\":267,\"caption\":\"ATHLON KOOP. E.\"},\"image\":{\"@id\":\"https:\/\/athl.wdemo.net\/es\/#\/schema\/logo\/image\/\"},\"sameAs\":[\"https:\/\/www.facebook.com\/AthlonKoop\/\",\"https:\/\/www.instagram.com\/athlonkoop\/?hl=es\",\"https:\/\/www.youtube.com\/user\/Athlonscoop\/videos\",\"https:\/\/www.flickr.com\/photos\/68190106@N08\/\"]}]}<\/script>\n<!-- \/ Yoast SEO plugin. -->","yoast_head_json":{"title":"Cl\u00e1usula informativa para el formulario \u201ccontacto\u201d &#8226; Athlon","robots":{"index":"noindex","follow":"follow","max-snippet":"max-snippet:-1","max-image-preview":"max-image-preview:large","max-video-preview":"max-video-preview:-1"},"og_locale":"es_ES","og_type":"article","og_title":"Cl\u00e1usula informativa para el formulario \u201ccontacto\u201d &#8226; Athlon","og_description":"Cl\u00e1usula informativa para el formulario \u201ccontacto\u201d Informaci\u00f3n sobre tratamiento de datos personalesa De acuerdo con lo dispuesto por el Reglamento General de Protecci\u00f3n de Datos y por la Ley Org\u00e1nica 3\/2018, de 5 de diciembre, de Protecci\u00f3n de Datos Personales y garant\u00eda de los derechos digitales, te informamos de las siguientes cuestiones relativas a los [&hellip;]","og_url":"https:\/\/athl.wdemo.net\/es\/clausula-informativa-para-el-formulario-contacto\/","og_site_name":"Athlon","article_publisher":"https:\/\/www.facebook.com\/AthlonKoop\/","article_modified_time":"2026-02-26T10:37:18+00:00","og_image":[{"width":1920,"height":1200,"url":"https:\/\/athl.wdemo.net\/wp-content\/uploads\/2026\/01\/main-image.jpg","type":"image\/jpeg"}],"twitter_card":"summary_large_image","twitter_misc":{"Tiempo de lectura":"4 minutos"},"schema":{"@context":"https:\/\/schema.org","@graph":[{"@type":"WebPage","@id":"https:\/\/athl.wdemo.net\/es\/clausula-informativa-para-el-formulario-contacto\/","url":"https:\/\/athl.wdemo.net\/es\/clausula-informativa-para-el-formulario-contacto\/","name":"Cl\u00e1usula informativa para el formulario \u201ccontacto\u201d &#8226; Athlon","isPartOf":{"@id":"https:\/\/athl.wdemo.net\/es\/#website"},"datePublished":"2026-02-03T11:11:55+00:00","dateModified":"2026-02-26T10:37:18+00:00","breadcrumb":{"@id":"https:\/\/athl.wdemo.net\/es\/clausula-informativa-para-el-formulario-contacto\/#breadcrumb"},"inLanguage":"es","potentialAction":[{"@type":"ReadAction","target":["https:\/\/athl.wdemo.net\/es\/clausula-informativa-para-el-formulario-contacto\/"]}]},{"@type":"BreadcrumbList","@id":"https:\/\/athl.wdemo.net\/es\/clausula-informativa-para-el-formulario-contacto\/#breadcrumb","itemListElement":[{"@type":"ListItem","position":1,"name":"Hasiera","item":"https:\/\/athl.wdemo.net\/es\/"},{"@type":"ListItem","position":2,"name":"Cl\u00e1usula informativa para el formulario \u201ccontacto\u201d"}]},{"@type":"WebSite","@id":"https:\/\/athl.wdemo.net\/es\/#website","url":"https:\/\/athl.wdemo.net\/es\/","name":"Athlon","description":"Jarduera fisikoa bizi-ohitura osasungarri gisa sustatzea","publisher":{"@id":"https:\/\/athl.wdemo.net\/es\/#organization"},"potentialAction":[{"@type":"SearchAction","target":{"@type":"EntryPoint","urlTemplate":"https:\/\/athl.wdemo.net\/es\/?s={search_term_string}"},"query-input":{"@type":"PropertyValueSpecification","valueRequired":true,"valueName":"search_term_string"}}],"inLanguage":"es"},{"@type":"Organization","@id":"https:\/\/athl.wdemo.net\/es\/#organization","name":"ATHLON KOOP. E.","alternateName":"Athlon. Bizimodu osasungarrien sustapena","url":"https:\/\/athl.wdemo.net\/es\/","logo":{"@type":"ImageObject","inLanguage":"es","@id":"https:\/\/athl.wdemo.net\/es\/#\/schema\/logo\/image\/","url":"https:\/\/athl.wdemo.net\/wp-content\/uploads\/2025\/12\/logo_cg.svg","contentUrl":"https:\/\/athl.wdemo.net\/wp-content\/uploads\/2025\/12\/logo_cg.svg","width":547,"height":267,"caption":"ATHLON KOOP. E."},"image":{"@id":"https:\/\/athl.wdemo.net\/es\/#\/schema\/logo\/image\/"},"sameAs":["https:\/\/www.facebook.com\/AthlonKoop\/","https:\/\/www.instagram.com\/athlonkoop\/?hl=es","https:\/\/www.youtube.com\/user\/Athlonscoop\/videos","https:\/\/www.flickr.com\/photos\/68190106@N08\/"]}]}},"_links":{"self":[{"href":"https:\/\/athl.wdemo.net\/es\/wp-json\/wp\/v2\/pages\/7690","targetHints":{"allow":["GET"]}}],"collection":[{"href":"https:\/\/athl.wdemo.net\/es\/wp-json\/wp\/v2\/pages"}],"about":[{"href":"https:\/\/athl.wdemo.net\/es\/wp-json\/wp\/v2\/types\/page"}],"author":[{"embeddable":true,"href":"https:\/\/athl.wdemo.net\/es\/wp-json\/wp\/v2\/users\/2"}],"replies":[{"embeddable":true,"href":"https:\/\/athl.wdemo.net\/es\/wp-json\/wp\/v2\/comments?post=7690"}],"version-history":[{"count":3,"href":"https:\/\/athl.wdemo.net\/es\/wp-json\/wp\/v2\/pages\/7690\/revisions"}],"predecessor-version":[{"id":7693,"href":"https:\/\/athl.wdemo.net\/es\/wp-json\/wp\/v2\/pages\/7690\/revisions\/7693"}],"wp:attachment":[{"href":"https:\/\/athl.wdemo.net\/es\/wp-json\/wp\/v2\/media?parent=7690"}],"curies":[{"name":"wp","href":"https:\/\/api.w.org\/{rel}","templated":true}]}}