{"id":7981,"date":"2026-01-12T15:58:58","date_gmt":"2026-01-12T14:58:58","guid":{"rendered":"https:\/\/athl.wdemo.net\/zerbitzuak\/formakuntza\/"},"modified":"2026-04-15T14:56:18","modified_gmt":"2026-04-15T13:56:18","slug":"formacion","status":"publish","type":"page","link":"https:\/\/athl.wdemo.net\/es\/servicios\/formacion\/","title":{"rendered":"Formaci\u00f3n"},"content":{"rendered":"\t\t<div data-elementor-type=\"wp-page\" data-elementor-id=\"7981\" class=\"elementor elementor-7981 elementor-1442\" data-elementor-post-type=\"page\">\n\t\t\t\t<div class=\"elementor-element elementor-element-da9aa63 e-con-full e-flex elementor-invisible e-con e-parent\" data-id=\"da9aa63\" data-element_type=\"container\" data-e-type=\"container\" data-settings=\"{&quot;background_background&quot;:&quot;classic&quot;,&quot;animation&quot;:&quot;fadeIn&quot;,&quot;animation_widescreen&quot;:&quot;fadeIn&quot;}\">\n\t\t\t\t<div class=\"elementor-element elementor-element-4819017 elementor-widescreen-align-left elementor-tablet-align-center elementor-widget elementor-widget-breadcrumbs\" data-id=\"4819017\" data-element_type=\"widget\" data-e-type=\"widget\" data-widget_type=\"breadcrumbs.default\">\n\t\t\t\t\t<p id=\"breadcrumbs\"><span><span><a href=\"https:\/\/athl.wdemo.net\/es\/\">Hasiera<\/a><\/span><\/span><\/p>\t\t\t\t<\/div>\n\t\t\t\t<\/div>\n\t\t<div class=\"elementor-element elementor-element-6b86d5df e-con-full e-flex elementor-invisible e-con e-parent\" data-id=\"6b86d5df\" data-element_type=\"container\" data-e-type=\"container\" data-settings=\"{&quot;animation&quot;:&quot;fadeInUp&quot;}\">\n\t\t\t\t<div class=\"elementor-element elementor-element-2bd2fba elementor-widget elementor-widget-text-editor\" data-id=\"2bd2fba\" data-element_type=\"widget\" data-e-type=\"widget\" data-widget_type=\"text-editor.default\">\n\t\t\t\t\t\t\t\t\t<h4>Ofrecemos formaci\u00f3n en salud, bienestar, educaci\u00f3n f\u00edsica y corporalidad.<\/h4><p>Nuestro objetivo es guiar a las personas hacia un bienestar integral, aportando conocimientos y habilidades b\u00e1sicas para promover estilos de vida saludables y equilibrados y siendo compa\u00f1eros de viaje. Nos comprometemos a ofrecer formaciones innovadoras basadas en la \u00faltima investigaci\u00f3n y apoyadas por profesionales expertos, orientando tanto el crecimiento personal como profesional, con el objetivo de la transformaci\u00f3n social.<\/p>\t\t\t\t\t\t\t\t<\/div>\n\t\t\t\t<div class=\"elementor-element elementor-element-8d69a93 elementor-widget elementor-widget-template\" data-id=\"8d69a93\" data-element_type=\"widget\" data-e-type=\"widget\" data-widget_type=\"template.default\">\n\t\t\t\t<div class=\"elementor-widget-container\">\n\t\t\t\t\t\t\t<div class=\"elementor-template\">\n\t\t\t\t\t<div data-elementor-type=\"container\" data-elementor-id=\"7982\" class=\"elementor elementor-7982 elementor-1321\" data-elementor-post-type=\"elementor_library\">\n\t\t\t\t<div class=\"elementor-element elementor-element-6c549958 e-con-full e-grid e-con e-child\" data-id=\"6c549958\" data-element_type=\"container\" data-e-type=\"container\">\n\t\t<div class=\"elementor-element elementor-element-501f2ff3 e-con-full e-flex e-con e-child\" data-id=\"501f2ff3\" data-element_type=\"container\" data-e-type=\"container\">\n\t\t<div class=\"elementor-element elementor-element-490b6115 e-con-full image-box e-flex e-con e-child\" data-id=\"490b6115\" data-element_type=\"container\" data-e-type=\"container\" data-settings=\"{&quot;background_background&quot;:&quot;classic&quot;,&quot;background_motion_fx_motion_fx_scrolling&quot;:&quot;yes&quot;,&quot;background_motion_fx_devices&quot;:[&quot;widescreen&quot;,&quot;desktop&quot;,&quot;tablet&quot;,&quot;mobile&quot;]}\">\n\t\t\t\t<\/div>\n\t\t<div class=\"elementor-element elementor-element-7bc2d0f9 e-con-full e-flex e-con e-child\" data-id=\"7bc2d0f9\" data-element_type=\"container\" data-e-type=\"container\">\n\t\t<div class=\"elementor-element elementor-element-567ea44d e-con-full e-flex e-con e-child\" data-id=\"567ea44d\" data-element_type=\"container\" data-e-type=\"container\">\n\t\t\t\t<div class=\"elementor-element elementor-element-58229606 elementor-widget elementor-widget-heading\" data-id=\"58229606\" data-element_type=\"widget\" data-e-type=\"widget\" data-widget_type=\"heading.default\">\n\t\t\t\t\t<h4 class=\"elementor-heading-title elementor-size-default\"><a href=\"https:\/\/athl.wdemo.net\/es\/servicios\/formacion\/formacion-reglada\/\">Formaci\u00f3n reglada<\/a><\/h4>\t\t\t\t<\/div>\n\t\t\t\t<div class=\"elementor-element elementor-element-67c69d09 elementor-widget elementor-widget-text-editor\" data-id=\"67c69d09\" data-element_type=\"widget\" data-e-type=\"widget\" data-widget_type=\"text-editor.default\">\n\t\t\t\t\t\t\t\t\tSomos expertos en educaci\u00f3n en diferentes etapas: Ofrecemos formaci\u00f3n para los retos del futuro en diferentes niveles acad\u00e9micos.\t\t\t\t\t\t\t\t<\/div>\n\t\t\t\t<\/div>\n\t\t\t\t<div class=\"elementor-element elementor-element-3696cba0 elementor-widget elementor-widget-button\" data-id=\"3696cba0\" data-element_type=\"widget\" data-e-type=\"widget\" data-widget_type=\"button.default\">\n\t\t\t\t\t\t\t\t\t\t<a class=\"elementor-button elementor-button-link elementor-size-sm\" href=\"https:\/\/athl.wdemo.net\/es\/servicios\/formacion\/formacion-reglada\/\">\n\t\t\t\t\t\t<span class=\"elementor-button-content-wrapper\">\n\t\t\t\t\t\t\t\t\t<span class=\"elementor-button-text\">M\u00e1s<\/span>\n\t\t\t\t\t<\/span>\n\t\t\t\t\t<\/a>\n\t\t\t\t\t\t\t\t<\/div>\n\t\t\t\t<\/div>\n\t\t\t\t<\/div>\n\t\t<div class=\"elementor-element elementor-element-463e9b3a e-con-full e-flex e-con e-child\" data-id=\"463e9b3a\" data-element_type=\"container\" data-e-type=\"container\">\n\t\t<div class=\"elementor-element elementor-element-664e81ec e-con-full image-box e-flex e-con e-child\" data-id=\"664e81ec\" data-element_type=\"container\" data-e-type=\"container\" data-settings=\"{&quot;background_background&quot;:&quot;classic&quot;,&quot;background_motion_fx_motion_fx_scrolling&quot;:&quot;yes&quot;,&quot;background_motion_fx_devices&quot;:[&quot;widescreen&quot;,&quot;desktop&quot;,&quot;tablet&quot;,&quot;mobile&quot;]}\">\n\t\t\t\t<\/div>\n\t\t<div class=\"elementor-element elementor-element-34871626 e-con-full e-flex e-con e-child\" data-id=\"34871626\" data-element_type=\"container\" data-e-type=\"container\">\n\t\t<div class=\"elementor-element elementor-element-7da14c3d e-con-full e-flex e-con e-child\" data-id=\"7da14c3d\" data-element_type=\"container\" data-e-type=\"container\">\n\t\t\t\t<div class=\"elementor-element elementor-element-1489b91 elementor-widget elementor-widget-heading\" data-id=\"1489b91\" data-element_type=\"widget\" data-e-type=\"widget\" data-widget_type=\"heading.default\">\n\t\t\t\t\t<h4 class=\"elementor-heading-title elementor-size-default\"><a href=\"https:\/\/athl.wdemo.net\/es\/servicios\/formacion\/formacion-no-reglada\/\">Formaci\u00f3n no reglada<\/a><\/h4>\t\t\t\t<\/div>\n\t\t\t\t<div class=\"elementor-element elementor-element-6b99d94b elementor-widget elementor-widget-text-editor\" data-id=\"6b99d94b\" data-element_type=\"widget\" data-e-type=\"widget\" data-widget_type=\"text-editor.default\">\n\t\t\t\t\t\t\t\t\tOfrecemos formaci\u00f3n continua, especializada y actualizada en \u00e1reas de Salud, Bienestar y Educaci\u00f3n F\u00edsica.\t\t\t\t\t\t\t\t<\/div>\n\t\t\t\t<\/div>\n\t\t\t\t<div class=\"elementor-element elementor-element-396baae0 elementor-widget elementor-widget-button\" data-id=\"396baae0\" data-element_type=\"widget\" data-e-type=\"widget\" data-widget_type=\"button.default\">\n\t\t\t\t\t\t\t\t\t\t<a class=\"elementor-button elementor-button-link elementor-size-sm\" href=\"https:\/\/athl.wdemo.net\/es\/servicios\/formacion\/formacion-no-reglada\/\">\n\t\t\t\t\t\t<span class=\"elementor-button-content-wrapper\">\n\t\t\t\t\t\t\t\t\t<span class=\"elementor-button-text\">M\u00e1s<\/span>\n\t\t\t\t\t<\/span>\n\t\t\t\t\t<\/a>\n\t\t\t\t\t\t\t\t<\/div>\n\t\t\t\t<\/div>\n\t\t\t\t<\/div>\n\t\t<div class=\"elementor-element elementor-element-4ec5c459 e-con-full e-flex e-con e-child\" data-id=\"4ec5c459\" data-element_type=\"container\" data-e-type=\"container\">\n\t\t<div class=\"elementor-element elementor-element-2554ce74 e-con-full image-box e-flex e-con e-child\" data-id=\"2554ce74\" data-element_type=\"container\" data-e-type=\"container\" data-settings=\"{&quot;background_background&quot;:&quot;classic&quot;,&quot;background_motion_fx_motion_fx_scrolling&quot;:&quot;yes&quot;,&quot;background_motion_fx_devices&quot;:[&quot;widescreen&quot;,&quot;desktop&quot;,&quot;tablet&quot;,&quot;mobile&quot;]}\">\n\t\t\t\t<\/div>\n\t\t<div class=\"elementor-element elementor-element-1b0af54a e-con-full e-flex e-con e-child\" data-id=\"1b0af54a\" data-element_type=\"container\" data-e-type=\"container\">\n\t\t<div class=\"elementor-element elementor-element-32b04405 e-con-full e-flex e-con e-child\" data-id=\"32b04405\" data-element_type=\"container\" data-e-type=\"container\">\n\t\t\t\t<div class=\"elementor-element elementor-element-2060c946 elementor-widget elementor-widget-heading\" data-id=\"2060c946\" data-element_type=\"widget\" data-e-type=\"widget\" data-widget_type=\"heading.default\">\n\t\t\t\t\t<h4 class=\"elementor-heading-title elementor-size-default\"><a href=\"https:\/\/athl.wdemo.net\/es\/servicios\/formacion\/servicio-de-asesoramiento\">Servicio de asesoramiento<\/a><\/h4>\t\t\t\t<\/div>\n\t\t\t\t<div class=\"elementor-element elementor-element-7a28630e elementor-widget elementor-widget-text-editor\" data-id=\"7a28630e\" data-element_type=\"widget\" data-e-type=\"widget\" data-widget_type=\"text-editor.default\">\n\t\t\t\t\t\t\t\t\tDise\u00f1o y desarrollo de planes de formaci\u00f3n.\t\t\t\t\t\t\t\t<\/div>\n\t\t\t\t<\/div>\n\t\t\t\t<div class=\"elementor-element elementor-element-63b3df16 elementor-widget elementor-widget-button\" data-id=\"63b3df16\" data-element_type=\"widget\" data-e-type=\"widget\" data-widget_type=\"button.default\">\n\t\t\t\t\t\t\t\t\t\t<a class=\"elementor-button elementor-button-link elementor-size-sm\" href=\"https:\/\/athl.wdemo.net\/es\/servicios\/formacion\/servicio-de-asesoramiento\">\n\t\t\t\t\t\t<span class=\"elementor-button-content-wrapper\">\n\t\t\t\t\t\t\t\t\t<span class=\"elementor-button-text\">M\u00e1s<\/span>\n\t\t\t\t\t<\/span>\n\t\t\t\t\t<\/a>\n\t\t\t\t\t\t\t\t<\/div>\n\t\t\t\t<\/div>\n\t\t\t\t<\/div>\n\t\t\t\t<\/div>\n\t\t\t\t<\/div>\n\t\t\t\t<\/div>\n\t\t\t\t\t\t<\/div>\n\t\t\t\t<\/div>\n\t\t\t\t<\/div>\n\t\t<div class=\"elementor-element elementor-element-823bdc1 e-con-full e-flex elementor-invisible e-con e-parent\" data-id=\"823bdc1\" data-element_type=\"container\" data-e-type=\"container\" data-settings=\"{&quot;animation_widescreen&quot;:&quot;fadeInUp&quot;,&quot;animation&quot;:&quot;fadeInUp&quot;}\">\n\t\t\t\t<div class=\"elementor-element elementor-element-5c56ddd elementor-widget elementor-widget-template\" data-id=\"5c56ddd\" data-element_type=\"widget\" data-e-type=\"widget\" data-widget_type=\"template.default\">\n\t\t\t\t<div class=\"elementor-widget-container\">\n\t\t\t\t\t\t\t<div class=\"elementor-template\">\n\t\t\t\t\t<div data-elementor-type=\"container\" data-elementor-id=\"7930\" class=\"elementor elementor-7930 elementor-1399\" data-elementor-post-type=\"elementor_library\">\n\t\t\t\t<div class=\"elementor-element elementor-element-79e6cc39 e-con-full e-flex e-con e-child\" data-id=\"79e6cc39\" data-element_type=\"container\" data-e-type=\"container\" data-settings=\"{&quot;background_background&quot;:&quot;classic&quot;}\">\n\t\t<div class=\"elementor-element elementor-element-4e553d5f e-con-full e-flex e-con e-child\" data-id=\"4e553d5f\" data-element_type=\"container\" data-e-type=\"container\">\n\t\t\t\t<div class=\"elementor-element elementor-element-1f00bac0 elementor-widget elementor-widget-heading\" data-id=\"1f00bac0\" data-element_type=\"widget\" data-e-type=\"widget\" data-widget_type=\"heading.default\">\n\t\t\t\t\t<h2 class=\"elementor-heading-title elementor-size-default\">\u00bfEn qu\u00e9 podemos ayudarte?<\/h2>\t\t\t\t<\/div>\n\t\t\t\t<div class=\"elementor-element elementor-element-42cc294c elementor-widget elementor-widget-text-editor\" data-id=\"42cc294c\" data-element_type=\"widget\" data-e-type=\"widget\" data-widget_type=\"text-editor.default\">\n\t\t\t\t\t\t\t\t\t<p>Contacta con nosotros para informarnos de nuestros servicios<\/p>\t\t\t\t\t\t\t\t<\/div>\n\t\t\t\t<div class=\"elementor-element elementor-element-19dd1d9f elementor-widget elementor-widget-button\" data-id=\"19dd1d9f\" data-element_type=\"widget\" data-e-type=\"widget\" data-widget_type=\"button.default\">\n\t\t\t\t\t\t\t\t\t\t<a class=\"elementor-button elementor-button-link elementor-size-sm\" href=\"https:\/\/athl.wdemo.net\/es\/contacto\/\">\n\t\t\t\t\t\t<span class=\"elementor-button-content-wrapper\">\n\t\t\t\t\t\t\t\t\t<span class=\"elementor-button-text\">Contacta con nosotros<\/span>\n\t\t\t\t\t<\/span>\n\t\t\t\t\t<\/a>\n\t\t\t\t\t\t\t\t<\/div>\n\t\t\t\t<\/div>\n\t\t\t\t<\/div>\n\t\t\t\t<\/div>\n\t\t\t\t<\/div>\n\t\t\t\t\t\t<\/div>\n\t\t\t\t<\/div>\n\t\t\t\t<\/div>\n\t\t\t\t<\/div>\n\t\t","protected":false},"excerpt":{"rendered":"<p>Ofrecemos formaci\u00f3n en salud, bienestar, educaci\u00f3n f\u00edsica y corporalidad. Nuestro objetivo es guiar a las personas hacia un bienestar integral, aportando conocimientos y habilidades b\u00e1sicas para promover estilos de vida saludables y equilibrados y siendo compa\u00f1eros de viaje. Nos comprometemos a ofrecer formaciones innovadoras basadas en la \u00faltima investigaci\u00f3n y apoyadas por profesionales expertos, orientando [&hellip;]<\/p>\n","protected":false},"author":2,"featured_media":0,"parent":7888,"menu_order":0,"comment_status":"closed","ping_status":"closed","template":"","meta":{"_acf_changed":false,"footnotes":""},"class_list":["post-7981","page","type-page","status-publish","hentry"],"acf":[],"yoast_head":"<!-- This site is optimized with the Yoast SEO plugin v26.9 - https:\/\/yoast.com\/product\/yoast-seo-wordpress\/ -->\n<title>Formaci\u00f3n &#8226; Athlon<\/title>\n<meta name=\"robots\" content=\"noindex, follow, max-snippet:-1, max-image-preview:large, max-video-preview:-1\" \/>\n<meta property=\"og:locale\" content=\"es_ES\" \/>\n<meta property=\"og:type\" content=\"article\" \/>\n<meta property=\"og:title\" content=\"Formaci\u00f3n &#8226; Athlon\" \/>\n<meta property=\"og:description\" content=\"Ofrecemos formaci\u00f3n en salud, bienestar, educaci\u00f3n f\u00edsica y corporalidad. Nuestro objetivo es guiar a las personas hacia un bienestar integral, aportando conocimientos y habilidades b\u00e1sicas para promover estilos de vida saludables y equilibrados y siendo compa\u00f1eros de viaje. Nos comprometemos a ofrecer formaciones innovadoras basadas en la \u00faltima investigaci\u00f3n y apoyadas por profesionales expertos, orientando [&hellip;]\" \/>\n<meta property=\"og:url\" content=\"https:\/\/athl.wdemo.net\/es\/servicios\/formacion\/\" \/>\n<meta property=\"og:site_name\" content=\"Athlon\" \/>\n<meta property=\"article:publisher\" content=\"https:\/\/www.facebook.com\/AthlonKoop\/\" \/>\n<meta property=\"article:modified_time\" content=\"2026-04-15T13:56:18+00:00\" \/>\n<meta property=\"og:image\" content=\"https:\/\/athl.wdemo.net\/wp-content\/uploads\/2026\/01\/main-image.jpg\" \/>\n\t<meta property=\"og:image:width\" content=\"1920\" \/>\n\t<meta property=\"og:image:height\" content=\"1200\" \/>\n\t<meta property=\"og:image:type\" content=\"image\/jpeg\" \/>\n<meta name=\"twitter:card\" content=\"summary_large_image\" \/>\n<meta name=\"twitter:label1\" content=\"Tiempo de lectura\" \/>\n\t<meta name=\"twitter:data1\" content=\"1 minuto\" \/>\n<script type=\"application\/ld+json\" class=\"yoast-schema-graph\">{\"@context\":\"https:\/\/schema.org\",\"@graph\":[{\"@type\":\"WebPage\",\"@id\":\"https:\/\/athl.wdemo.net\/es\/servicios\/formacion\/\",\"url\":\"https:\/\/athl.wdemo.net\/es\/servicios\/formacion\/\",\"name\":\"Formaci\u00f3n &#8226; Athlon\",\"isPartOf\":{\"@id\":\"https:\/\/athl.wdemo.net\/es\/#website\"},\"datePublished\":\"2026-01-12T14:58:58+00:00\",\"dateModified\":\"2026-04-15T13:56:18+00:00\",\"breadcrumb\":{\"@id\":\"https:\/\/athl.wdemo.net\/es\/servicios\/formacion\/#breadcrumb\"},\"inLanguage\":\"es\",\"potentialAction\":[{\"@type\":\"ReadAction\",\"target\":[\"https:\/\/athl.wdemo.net\/es\/servicios\/formacion\/\"]}]},{\"@type\":\"BreadcrumbList\",\"@id\":\"https:\/\/athl.wdemo.net\/es\/servicios\/formacion\/#breadcrumb\",\"itemListElement\":[{\"@type\":\"ListItem\",\"position\":1,\"name\":\"Hasiera\",\"item\":\"https:\/\/athl.wdemo.net\/es\/\"},{\"@type\":\"ListItem\",\"position\":2,\"name\":\"Servicios\",\"item\":\"https:\/\/athl.wdemo.net\/es\/servicios\/\"},{\"@type\":\"ListItem\",\"position\":3,\"name\":\"Formaci\u00f3n\"}]},{\"@type\":\"WebSite\",\"@id\":\"https:\/\/athl.wdemo.net\/es\/#website\",\"url\":\"https:\/\/athl.wdemo.net\/es\/\",\"name\":\"Athlon\",\"description\":\"Jarduera fisikoa bizi-ohitura osasungarri gisa sustatzea\",\"publisher\":{\"@id\":\"https:\/\/athl.wdemo.net\/es\/#organization\"},\"potentialAction\":[{\"@type\":\"SearchAction\",\"target\":{\"@type\":\"EntryPoint\",\"urlTemplate\":\"https:\/\/athl.wdemo.net\/es\/?s={search_term_string}\"},\"query-input\":{\"@type\":\"PropertyValueSpecification\",\"valueRequired\":true,\"valueName\":\"search_term_string\"}}],\"inLanguage\":\"es\"},{\"@type\":\"Organization\",\"@id\":\"https:\/\/athl.wdemo.net\/es\/#organization\",\"name\":\"ATHLON KOOP. E.\",\"alternateName\":\"Athlon. Bizimodu osasungarrien sustapena\",\"url\":\"https:\/\/athl.wdemo.net\/es\/\",\"logo\":{\"@type\":\"ImageObject\",\"inLanguage\":\"es\",\"@id\":\"https:\/\/athl.wdemo.net\/es\/#\/schema\/logo\/image\/\",\"url\":\"https:\/\/athl.wdemo.net\/wp-content\/uploads\/2025\/12\/logo_cg.svg\",\"contentUrl\":\"https:\/\/athl.wdemo.net\/wp-content\/uploads\/2025\/12\/logo_cg.svg\",\"width\":547,\"height\":267,\"caption\":\"ATHLON KOOP. E.\"},\"image\":{\"@id\":\"https:\/\/athl.wdemo.net\/es\/#\/schema\/logo\/image\/\"},\"sameAs\":[\"https:\/\/www.facebook.com\/AthlonKoop\/\",\"https:\/\/www.instagram.com\/athlonkoop\/?hl=es\",\"https:\/\/www.youtube.com\/user\/Athlonscoop\/videos\",\"https:\/\/www.flickr.com\/photos\/68190106@N08\/\"]}]}<\/script>\n<!-- \/ Yoast SEO plugin. -->","yoast_head_json":{"title":"Formaci\u00f3n &#8226; Athlon","robots":{"index":"noindex","follow":"follow","max-snippet":"max-snippet:-1","max-image-preview":"max-image-preview:large","max-video-preview":"max-video-preview:-1"},"og_locale":"es_ES","og_type":"article","og_title":"Formaci\u00f3n &#8226; Athlon","og_description":"Ofrecemos formaci\u00f3n en salud, bienestar, educaci\u00f3n f\u00edsica y corporalidad. Nuestro objetivo es guiar a las personas hacia un bienestar integral, aportando conocimientos y habilidades b\u00e1sicas para promover estilos de vida saludables y equilibrados y siendo compa\u00f1eros de viaje. Nos comprometemos a ofrecer formaciones innovadoras basadas en la \u00faltima investigaci\u00f3n y apoyadas por profesionales expertos, orientando [&hellip;]","og_url":"https:\/\/athl.wdemo.net\/es\/servicios\/formacion\/","og_site_name":"Athlon","article_publisher":"https:\/\/www.facebook.com\/AthlonKoop\/","article_modified_time":"2026-04-15T13:56:18+00:00","og_image":[{"width":1920,"height":1200,"url":"https:\/\/athl.wdemo.net\/wp-content\/uploads\/2026\/01\/main-image.jpg","type":"image\/jpeg"}],"twitter_card":"summary_large_image","twitter_misc":{"Tiempo de lectura":"1 minuto"},"schema":{"@context":"https:\/\/schema.org","@graph":[{"@type":"WebPage","@id":"https:\/\/athl.wdemo.net\/es\/servicios\/formacion\/","url":"https:\/\/athl.wdemo.net\/es\/servicios\/formacion\/","name":"Formaci\u00f3n &#8226; Athlon","isPartOf":{"@id":"https:\/\/athl.wdemo.net\/es\/#website"},"datePublished":"2026-01-12T14:58:58+00:00","dateModified":"2026-04-15T13:56:18+00:00","breadcrumb":{"@id":"https:\/\/athl.wdemo.net\/es\/servicios\/formacion\/#breadcrumb"},"inLanguage":"es","potentialAction":[{"@type":"ReadAction","target":["https:\/\/athl.wdemo.net\/es\/servicios\/formacion\/"]}]},{"@type":"BreadcrumbList","@id":"https:\/\/athl.wdemo.net\/es\/servicios\/formacion\/#breadcrumb","itemListElement":[{"@type":"ListItem","position":1,"name":"Hasiera","item":"https:\/\/athl.wdemo.net\/es\/"},{"@type":"ListItem","position":2,"name":"Servicios","item":"https:\/\/athl.wdemo.net\/es\/servicios\/"},{"@type":"ListItem","position":3,"name":"Formaci\u00f3n"}]},{"@type":"WebSite","@id":"https:\/\/athl.wdemo.net\/es\/#website","url":"https:\/\/athl.wdemo.net\/es\/","name":"Athlon","description":"Jarduera fisikoa bizi-ohitura osasungarri gisa sustatzea","publisher":{"@id":"https:\/\/athl.wdemo.net\/es\/#organization"},"potentialAction":[{"@type":"SearchAction","target":{"@type":"EntryPoint","urlTemplate":"https:\/\/athl.wdemo.net\/es\/?s={search_term_string}"},"query-input":{"@type":"PropertyValueSpecification","valueRequired":true,"valueName":"search_term_string"}}],"inLanguage":"es"},{"@type":"Organization","@id":"https:\/\/athl.wdemo.net\/es\/#organization","name":"ATHLON KOOP. E.","alternateName":"Athlon. Bizimodu osasungarrien sustapena","url":"https:\/\/athl.wdemo.net\/es\/","logo":{"@type":"ImageObject","inLanguage":"es","@id":"https:\/\/athl.wdemo.net\/es\/#\/schema\/logo\/image\/","url":"https:\/\/athl.wdemo.net\/wp-content\/uploads\/2025\/12\/logo_cg.svg","contentUrl":"https:\/\/athl.wdemo.net\/wp-content\/uploads\/2025\/12\/logo_cg.svg","width":547,"height":267,"caption":"ATHLON KOOP. E."},"image":{"@id":"https:\/\/athl.wdemo.net\/es\/#\/schema\/logo\/image\/"},"sameAs":["https:\/\/www.facebook.com\/AthlonKoop\/","https:\/\/www.instagram.com\/athlonkoop\/?hl=es","https:\/\/www.youtube.com\/user\/Athlonscoop\/videos","https:\/\/www.flickr.com\/photos\/68190106@N08\/"]}]}},"_links":{"self":[{"href":"https:\/\/athl.wdemo.net\/es\/wp-json\/wp\/v2\/pages\/7981","targetHints":{"allow":["GET"]}}],"collection":[{"href":"https:\/\/athl.wdemo.net\/es\/wp-json\/wp\/v2\/pages"}],"about":[{"href":"https:\/\/athl.wdemo.net\/es\/wp-json\/wp\/v2\/types\/page"}],"author":[{"embeddable":true,"href":"https:\/\/athl.wdemo.net\/es\/wp-json\/wp\/v2\/users\/2"}],"replies":[{"embeddable":true,"href":"https:\/\/athl.wdemo.net\/es\/wp-json\/wp\/v2\/comments?post=7981"}],"version-history":[{"count":6,"href":"https:\/\/athl.wdemo.net\/es\/wp-json\/wp\/v2\/pages\/7981\/revisions"}],"predecessor-version":[{"id":10183,"href":"https:\/\/athl.wdemo.net\/es\/wp-json\/wp\/v2\/pages\/7981\/revisions\/10183"}],"up":[{"embeddable":true,"href":"https:\/\/athl.wdemo.net\/es\/wp-json\/wp\/v2\/pages\/7888"}],"wp:attachment":[{"href":"https:\/\/athl.wdemo.net\/es\/wp-json\/wp\/v2\/media?parent=7981"}],"curies":[{"name":"wp","href":"https:\/\/api.w.org\/{rel}","templated":true}]}}