{"id":8085,"date":"2026-01-12T15:59:34","date_gmt":"2026-01-12T14:59:34","guid":{"rendered":"https:\/\/athl.wdemo.net\/zerbitzuak\/balorazioa-eta-ziurtapena\/"},"modified":"2026-04-15T13:12:34","modified_gmt":"2026-04-15T12:12:34","slug":"valoracion-y-certificacion","status":"publish","type":"page","link":"https:\/\/athl.wdemo.net\/es\/servicios\/valoracion-y-certificacion\/","title":{"rendered":"Valoraci\u00f3n y certificaci\u00f3n"},"content":{"rendered":"\t\t<div data-elementor-type=\"wp-page\" data-elementor-id=\"8085\" class=\"elementor elementor-8085 elementor-1446\" data-elementor-post-type=\"page\">\n\t\t\t\t<div class=\"elementor-element elementor-element-da9aa63 e-con-full e-flex elementor-invisible e-con e-parent\" data-id=\"da9aa63\" data-element_type=\"container\" data-e-type=\"container\" data-settings=\"{&quot;background_background&quot;:&quot;classic&quot;,&quot;animation&quot;:&quot;fadeIn&quot;,&quot;animation_widescreen&quot;:&quot;fadeIn&quot;}\">\n\t\t\t\t<div class=\"elementor-element elementor-element-4819017 elementor-widescreen-align-left elementor-tablet-align-center elementor-widget elementor-widget-breadcrumbs\" data-id=\"4819017\" data-element_type=\"widget\" data-e-type=\"widget\" data-widget_type=\"breadcrumbs.default\">\n\t\t\t\t\t<p id=\"breadcrumbs\"><span><span><a href=\"https:\/\/athl.wdemo.net\/es\/\">Hasiera<\/a><\/span><\/span><\/p>\t\t\t\t<\/div>\n\t\t\t\t<\/div>\n\t\t<div class=\"elementor-element elementor-element-6b86d5df e-con-full e-flex elementor-invisible e-con e-parent\" data-id=\"6b86d5df\" data-element_type=\"container\" data-e-type=\"container\" data-settings=\"{&quot;animation&quot;:&quot;fadeInUp&quot;}\">\n\t\t\t\t<div class=\"elementor-element elementor-element-2bd2fba elementor-widget elementor-widget-text-editor\" data-id=\"2bd2fba\" data-element_type=\"widget\" data-e-type=\"widget\" data-widget_type=\"text-editor.default\">\n\t\t\t\t\t\t\t\t\t<h5>Ofrecemos ex\u00e1menes de salud y deportivos, con prueba de esfuerzo, dirigidos a todas aquellas personas que quieran conocer su estado de salud y condici\u00f3n f\u00edsica.<\/h5>\t\t\t\t\t\t\t\t<\/div>\n\t\t\t\t<div class=\"elementor-element elementor-element-a5d3eb7 elementor-widget elementor-widget-template\" data-id=\"a5d3eb7\" data-element_type=\"widget\" data-e-type=\"widget\" data-widget_type=\"template.default\">\n\t\t\t\t<div class=\"elementor-widget-container\">\n\t\t\t\t\t\t\t<div class=\"elementor-template\">\n\t\t\t\t\t<div data-elementor-type=\"container\" data-elementor-id=\"8089\" class=\"elementor elementor-8089 elementor-1387\" data-elementor-post-type=\"elementor_library\">\n\t\t\t\t<div class=\"elementor-element elementor-element-4a82f5a2 e-con-full e-grid e-con e-child\" data-id=\"4a82f5a2\" data-element_type=\"container\" data-e-type=\"container\">\n\t\t<div class=\"elementor-element elementor-element-70770f12 e-con-full e-flex e-con e-child\" data-id=\"70770f12\" data-element_type=\"container\" data-e-type=\"container\">\n\t\t<div class=\"elementor-element elementor-element-3162cb1c e-con-full image-box e-flex e-con e-child\" data-id=\"3162cb1c\" data-element_type=\"container\" data-e-type=\"container\" data-settings=\"{&quot;background_background&quot;:&quot;classic&quot;,&quot;background_motion_fx_motion_fx_scrolling&quot;:&quot;yes&quot;,&quot;background_motion_fx_devices&quot;:[&quot;widescreen&quot;,&quot;desktop&quot;,&quot;tablet&quot;,&quot;mobile&quot;]}\">\n\t\t\t\t<\/div>\n\t\t<div class=\"elementor-element elementor-element-3259cc6d e-con-full e-flex e-con e-child\" data-id=\"3259cc6d\" data-element_type=\"container\" data-e-type=\"container\">\n\t\t<div class=\"elementor-element elementor-element-762e2c6e e-con-full e-flex e-con e-child\" data-id=\"762e2c6e\" data-element_type=\"container\" data-e-type=\"container\">\n\t\t\t\t<div class=\"elementor-element elementor-element-710bf98d elementor-widget elementor-widget-heading\" data-id=\"710bf98d\" data-element_type=\"widget\" data-e-type=\"widget\" data-widget_type=\"heading.default\">\n\t\t\t\t\t<h4 class=\"elementor-heading-title elementor-size-default\"><a href=\"https:\/\/athl.wdemo.net\/es\/servicios\/valoracion-y-certificacion\/examen-deportivo-preventivo-con-prueba-de-esfuerzo\/\">Reconocimiento deportivo con prueba de esfuerzo<\/a><\/h4>\t\t\t\t<\/div>\n\t\t\t\t<div class=\"elementor-element elementor-element-5114785a elementor-widget elementor-widget-text-editor\" data-id=\"5114785a\" data-element_type=\"widget\" data-e-type=\"widget\" data-widget_type=\"text-editor.default\">\n\t\t\t\t\t\t\t\t\tEvaluamos tu estado de salud y condici\u00f3n f\u00edsica general.\t\t\t\t\t\t\t\t<\/div>\n\t\t\t\t<\/div>\n\t\t\t\t<div class=\"elementor-element elementor-element-2c9491b8 elementor-widget elementor-widget-button\" data-id=\"2c9491b8\" data-element_type=\"widget\" data-e-type=\"widget\" data-widget_type=\"button.default\">\n\t\t\t\t\t\t\t\t\t\t<a class=\"elementor-button elementor-button-link elementor-size-sm\" href=\"https:\/\/athl.wdemo.net\/es\/servicios\/valoracion-y-certificacion\/examen-deportivo-preventivo-con-prueba-de-esfuerzo\/\">\n\t\t\t\t\t\t<span class=\"elementor-button-content-wrapper\">\n\t\t\t\t\t\t\t\t\t<span class=\"elementor-button-text\">M\u00e1s<\/span>\n\t\t\t\t\t<\/span>\n\t\t\t\t\t<\/a>\n\t\t\t\t\t\t\t\t<\/div>\n\t\t\t\t<\/div>\n\t\t\t\t<\/div>\n\t\t<div class=\"elementor-element elementor-element-7a96aa83 e-con-full e-flex e-con e-child\" data-id=\"7a96aa83\" data-element_type=\"container\" data-e-type=\"container\">\n\t\t<div class=\"elementor-element elementor-element-3f2450e2 e-con-full image-box e-flex e-con e-child\" data-id=\"3f2450e2\" data-element_type=\"container\" data-e-type=\"container\" data-settings=\"{&quot;background_background&quot;:&quot;classic&quot;,&quot;background_motion_fx_motion_fx_scrolling&quot;:&quot;yes&quot;,&quot;background_motion_fx_devices&quot;:[&quot;widescreen&quot;,&quot;desktop&quot;,&quot;tablet&quot;,&quot;mobile&quot;]}\">\n\t\t\t\t<\/div>\n\t\t<div class=\"elementor-element elementor-element-1a828ed0 e-con-full e-flex e-con e-child\" data-id=\"1a828ed0\" data-element_type=\"container\" data-e-type=\"container\">\n\t\t<div class=\"elementor-element elementor-element-34fc2e5d e-con-full e-flex e-con e-child\" data-id=\"34fc2e5d\" data-element_type=\"container\" data-e-type=\"container\">\n\t\t\t\t<div class=\"elementor-element elementor-element-43df58a0 elementor-widget elementor-widget-heading\" data-id=\"43df58a0\" data-element_type=\"widget\" data-e-type=\"widget\" data-widget_type=\"heading.default\">\n\t\t\t\t\t<h4 class=\"elementor-heading-title elementor-size-default\"><a href=\"https:\/\/athl.wdemo.net\/es\/servicios\/valoracion-y-certificacion\/reconocimiento-medico-deportivo-con-medicion-de-lactato\/\">Reconomiento deportivo con medici\u00f3n de lactato<\/a><\/h4>\t\t\t\t<\/div>\n\t\t\t\t<div class=\"elementor-element elementor-element-4a070fac elementor-widget elementor-widget-text-editor\" data-id=\"4a070fac\" data-element_type=\"widget\" data-e-type=\"widget\" data-widget_type=\"text-editor.default\">\n\t\t\t\t\t\t\t\t\tOrientado a valorar el rendimiento y la capacidad aer\u00f3bica.\t\t\t\t\t\t\t\t<\/div>\n\t\t\t\t<\/div>\n\t\t\t\t<div class=\"elementor-element elementor-element-12c025d0 elementor-widget elementor-widget-button\" data-id=\"12c025d0\" data-element_type=\"widget\" data-e-type=\"widget\" data-widget_type=\"button.default\">\n\t\t\t\t\t\t\t\t\t\t<a class=\"elementor-button elementor-button-link elementor-size-sm\" href=\"https:\/\/athl.wdemo.net\/es\/servicios\/valoracion-y-certificacion\/reconocimiento-medico-deportivo-con-medicion-de-lactato\/\">\n\t\t\t\t\t\t<span class=\"elementor-button-content-wrapper\">\n\t\t\t\t\t\t\t\t\t<span class=\"elementor-button-text\">M\u00e1s<\/span>\n\t\t\t\t\t<\/span>\n\t\t\t\t\t<\/a>\n\t\t\t\t\t\t\t\t<\/div>\n\t\t\t\t<\/div>\n\t\t\t\t<\/div>\n\t\t<div class=\"elementor-element elementor-element-724eff38 e-con-full e-flex e-con e-child\" data-id=\"724eff38\" data-element_type=\"container\" data-e-type=\"container\">\n\t\t<div class=\"elementor-element elementor-element-229bbe2d e-con-full image-box e-flex e-con e-child\" data-id=\"229bbe2d\" data-element_type=\"container\" data-e-type=\"container\" data-settings=\"{&quot;background_background&quot;:&quot;classic&quot;,&quot;background_motion_fx_motion_fx_scrolling&quot;:&quot;yes&quot;,&quot;background_motion_fx_devices&quot;:[&quot;widescreen&quot;,&quot;desktop&quot;,&quot;tablet&quot;,&quot;mobile&quot;]}\">\n\t\t\t\t<\/div>\n\t\t<div class=\"elementor-element elementor-element-4052ab02 e-con-full e-flex e-con e-child\" data-id=\"4052ab02\" data-element_type=\"container\" data-e-type=\"container\">\n\t\t<div class=\"elementor-element elementor-element-12488f20 e-con-full e-flex e-con e-child\" data-id=\"12488f20\" data-element_type=\"container\" data-e-type=\"container\">\n\t\t\t\t<div class=\"elementor-element elementor-element-2ee2594f elementor-widget elementor-widget-heading\" data-id=\"2ee2594f\" data-element_type=\"widget\" data-e-type=\"widget\" data-widget_type=\"heading.default\">\n\t\t\t\t\t<h4 class=\"elementor-heading-title elementor-size-default\"><a href=\"https:\/\/athl.wdemo.net\/es\/servicios\/valoracion-y-certificacion\/kirol-lesioen-tratamendua\/\">Tratamiento de las lesiones<\/a><\/h4>\t\t\t\t<\/div>\n\t\t\t\t<div class=\"elementor-element elementor-element-49978ef6 elementor-widget elementor-widget-text-editor\" data-id=\"49978ef6\" data-element_type=\"widget\" data-e-type=\"widget\" data-widget_type=\"text-editor.default\">\n\t\t\t\t\t\t\t\t\tTratamiento de las lesiones a deportistas y no deportistas de todas las edades. Centro de ayuda a federados.\t\t\t\t\t\t\t\t<\/div>\n\t\t\t\t<\/div>\n\t\t\t\t<div class=\"elementor-element elementor-element-38bf5bf6 elementor-widget elementor-widget-button\" data-id=\"38bf5bf6\" data-element_type=\"widget\" data-e-type=\"widget\" data-widget_type=\"button.default\">\n\t\t\t\t\t\t\t\t\t\t<a class=\"elementor-button elementor-button-link elementor-size-sm\" href=\"https:\/\/athl.wdemo.net\/es\/servicios\/valoracion-y-certificacion\/kirol-lesioen-tratamendua\/\">\n\t\t\t\t\t\t<span class=\"elementor-button-content-wrapper\">\n\t\t\t\t\t\t\t\t\t<span class=\"elementor-button-text\">M\u00e1s<\/span>\n\t\t\t\t\t<\/span>\n\t\t\t\t\t<\/a>\n\t\t\t\t\t\t\t\t<\/div>\n\t\t\t\t<\/div>\n\t\t\t\t<\/div>\n\t\t\t\t<\/div>\n\t\t\t\t<\/div>\n\t\t\t\t<\/div>\n\t\t\t\t\t\t<\/div>\n\t\t\t\t<\/div>\n\t\t\t\t<\/div>\n\t\t<div class=\"elementor-element elementor-element-823bdc1 e-con-full e-flex elementor-invisible e-con e-parent\" data-id=\"823bdc1\" data-element_type=\"container\" data-e-type=\"container\" data-settings=\"{&quot;animation_widescreen&quot;:&quot;fadeInUp&quot;,&quot;animation&quot;:&quot;fadeInUp&quot;}\">\n\t\t\t\t<div class=\"elementor-element elementor-element-5c56ddd elementor-widget elementor-widget-template\" data-id=\"5c56ddd\" data-element_type=\"widget\" data-e-type=\"widget\" data-widget_type=\"template.default\">\n\t\t\t\t<div class=\"elementor-widget-container\">\n\t\t\t\t\t\t\t<div class=\"elementor-template\">\n\t\t\t\t\t<div data-elementor-type=\"container\" data-elementor-id=\"7930\" class=\"elementor elementor-7930 elementor-1399\" data-elementor-post-type=\"elementor_library\">\n\t\t\t\t<div class=\"elementor-element elementor-element-79e6cc39 e-con-full e-flex e-con e-child\" data-id=\"79e6cc39\" data-element_type=\"container\" data-e-type=\"container\" data-settings=\"{&quot;background_background&quot;:&quot;classic&quot;}\">\n\t\t<div class=\"elementor-element elementor-element-4e553d5f e-con-full e-flex e-con e-child\" data-id=\"4e553d5f\" data-element_type=\"container\" data-e-type=\"container\">\n\t\t\t\t<div class=\"elementor-element elementor-element-1f00bac0 elementor-widget elementor-widget-heading\" data-id=\"1f00bac0\" data-element_type=\"widget\" data-e-type=\"widget\" data-widget_type=\"heading.default\">\n\t\t\t\t\t<h2 class=\"elementor-heading-title elementor-size-default\">\u00bfEn qu\u00e9 podemos ayudarte?<\/h2>\t\t\t\t<\/div>\n\t\t\t\t<div class=\"elementor-element elementor-element-42cc294c elementor-widget elementor-widget-text-editor\" data-id=\"42cc294c\" data-element_type=\"widget\" data-e-type=\"widget\" data-widget_type=\"text-editor.default\">\n\t\t\t\t\t\t\t\t\t<p>Contacta con nosotros para informarnos de nuestros servicios<\/p>\t\t\t\t\t\t\t\t<\/div>\n\t\t\t\t<div class=\"elementor-element elementor-element-19dd1d9f elementor-widget elementor-widget-button\" data-id=\"19dd1d9f\" data-element_type=\"widget\" data-e-type=\"widget\" data-widget_type=\"button.default\">\n\t\t\t\t\t\t\t\t\t\t<a class=\"elementor-button elementor-button-link elementor-size-sm\" href=\"https:\/\/athl.wdemo.net\/es\/contacto\/\">\n\t\t\t\t\t\t<span class=\"elementor-button-content-wrapper\">\n\t\t\t\t\t\t\t\t\t<span class=\"elementor-button-text\">Contacta con nosotros<\/span>\n\t\t\t\t\t<\/span>\n\t\t\t\t\t<\/a>\n\t\t\t\t\t\t\t\t<\/div>\n\t\t\t\t<\/div>\n\t\t\t\t<\/div>\n\t\t\t\t<\/div>\n\t\t\t\t<\/div>\n\t\t\t\t\t\t<\/div>\n\t\t\t\t<\/div>\n\t\t\t\t<\/div>\n\t\t\t\t<\/div>\n\t\t","protected":false},"excerpt":{"rendered":"<p>Ofrecemos ex\u00e1menes de salud y deportivos, con prueba de esfuerzo, dirigidos a todas aquellas personas que quieran conocer su estado de salud y condici\u00f3n f\u00edsica.<\/p>\n","protected":false},"author":2,"featured_media":0,"parent":7888,"menu_order":0,"comment_status":"closed","ping_status":"closed","template":"","meta":{"_acf_changed":false,"footnotes":""},"class_list":["post-8085","page","type-page","status-publish","hentry"],"acf":[],"yoast_head":"<!-- This site is optimized with the Yoast SEO plugin v26.9 - https:\/\/yoast.com\/product\/yoast-seo-wordpress\/ -->\n<title>Valoraci\u00f3n y certificaci\u00f3n &#8226; Athlon<\/title>\n<meta name=\"robots\" content=\"noindex, follow, max-snippet:-1, max-image-preview:large, max-video-preview:-1\" \/>\n<meta property=\"og:locale\" content=\"es_ES\" \/>\n<meta property=\"og:type\" content=\"article\" \/>\n<meta property=\"og:title\" content=\"Valoraci\u00f3n y certificaci\u00f3n &#8226; Athlon\" \/>\n<meta property=\"og:description\" content=\"Ofrecemos ex\u00e1menes de salud y deportivos, con prueba de esfuerzo, dirigidos a todas aquellas personas que quieran conocer su estado de salud y condici\u00f3n f\u00edsica.\" \/>\n<meta property=\"og:url\" content=\"https:\/\/athl.wdemo.net\/es\/servicios\/valoracion-y-certificacion\/\" \/>\n<meta property=\"og:site_name\" content=\"Athlon\" \/>\n<meta property=\"article:publisher\" content=\"https:\/\/www.facebook.com\/AthlonKoop\/\" \/>\n<meta property=\"article:modified_time\" content=\"2026-04-15T12:12:34+00:00\" \/>\n<meta property=\"og:image\" content=\"https:\/\/athl.wdemo.net\/wp-content\/uploads\/2026\/01\/main-image.jpg\" \/>\n\t<meta property=\"og:image:width\" content=\"1920\" \/>\n\t<meta property=\"og:image:height\" content=\"1200\" \/>\n\t<meta property=\"og:image:type\" content=\"image\/jpeg\" \/>\n<meta name=\"twitter:card\" content=\"summary_large_image\" \/>\n<meta name=\"twitter:label1\" content=\"Tiempo de lectura\" \/>\n\t<meta name=\"twitter:data1\" content=\"1 minuto\" \/>\n<script type=\"application\/ld+json\" class=\"yoast-schema-graph\">{\"@context\":\"https:\/\/schema.org\",\"@graph\":[{\"@type\":\"WebPage\",\"@id\":\"https:\/\/athl.wdemo.net\/es\/servicios\/valoracion-y-certificacion\/\",\"url\":\"https:\/\/athl.wdemo.net\/es\/servicios\/valoracion-y-certificacion\/\",\"name\":\"Valoraci\u00f3n y certificaci\u00f3n &#8226; Athlon\",\"isPartOf\":{\"@id\":\"https:\/\/athl.wdemo.net\/es\/#website\"},\"datePublished\":\"2026-01-12T14:59:34+00:00\",\"dateModified\":\"2026-04-15T12:12:34+00:00\",\"breadcrumb\":{\"@id\":\"https:\/\/athl.wdemo.net\/es\/servicios\/valoracion-y-certificacion\/#breadcrumb\"},\"inLanguage\":\"es\",\"potentialAction\":[{\"@type\":\"ReadAction\",\"target\":[\"https:\/\/athl.wdemo.net\/es\/servicios\/valoracion-y-certificacion\/\"]}]},{\"@type\":\"BreadcrumbList\",\"@id\":\"https:\/\/athl.wdemo.net\/es\/servicios\/valoracion-y-certificacion\/#breadcrumb\",\"itemListElement\":[{\"@type\":\"ListItem\",\"position\":1,\"name\":\"Hasiera\",\"item\":\"https:\/\/athl.wdemo.net\/es\/\"},{\"@type\":\"ListItem\",\"position\":2,\"name\":\"Servicios\",\"item\":\"https:\/\/athl.wdemo.net\/es\/servicios\/\"},{\"@type\":\"ListItem\",\"position\":3,\"name\":\"Valoraci\u00f3n y certificaci\u00f3n\"}]},{\"@type\":\"WebSite\",\"@id\":\"https:\/\/athl.wdemo.net\/es\/#website\",\"url\":\"https:\/\/athl.wdemo.net\/es\/\",\"name\":\"Athlon\",\"description\":\"Jarduera fisikoa bizi-ohitura osasungarri gisa sustatzea\",\"publisher\":{\"@id\":\"https:\/\/athl.wdemo.net\/es\/#organization\"},\"potentialAction\":[{\"@type\":\"SearchAction\",\"target\":{\"@type\":\"EntryPoint\",\"urlTemplate\":\"https:\/\/athl.wdemo.net\/es\/?s={search_term_string}\"},\"query-input\":{\"@type\":\"PropertyValueSpecification\",\"valueRequired\":true,\"valueName\":\"search_term_string\"}}],\"inLanguage\":\"es\"},{\"@type\":\"Organization\",\"@id\":\"https:\/\/athl.wdemo.net\/es\/#organization\",\"name\":\"ATHLON KOOP. E.\",\"alternateName\":\"Athlon. Bizimodu osasungarrien sustapena\",\"url\":\"https:\/\/athl.wdemo.net\/es\/\",\"logo\":{\"@type\":\"ImageObject\",\"inLanguage\":\"es\",\"@id\":\"https:\/\/athl.wdemo.net\/es\/#\/schema\/logo\/image\/\",\"url\":\"https:\/\/athl.wdemo.net\/wp-content\/uploads\/2025\/12\/logo_cg.svg\",\"contentUrl\":\"https:\/\/athl.wdemo.net\/wp-content\/uploads\/2025\/12\/logo_cg.svg\",\"width\":547,\"height\":267,\"caption\":\"ATHLON KOOP. E.\"},\"image\":{\"@id\":\"https:\/\/athl.wdemo.net\/es\/#\/schema\/logo\/image\/\"},\"sameAs\":[\"https:\/\/www.facebook.com\/AthlonKoop\/\",\"https:\/\/www.instagram.com\/athlonkoop\/?hl=es\",\"https:\/\/www.youtube.com\/user\/Athlonscoop\/videos\",\"https:\/\/www.flickr.com\/photos\/68190106@N08\/\"]}]}<\/script>\n<!-- \/ Yoast SEO plugin. -->","yoast_head_json":{"title":"Valoraci\u00f3n y certificaci\u00f3n &#8226; Athlon","robots":{"index":"noindex","follow":"follow","max-snippet":"max-snippet:-1","max-image-preview":"max-image-preview:large","max-video-preview":"max-video-preview:-1"},"og_locale":"es_ES","og_type":"article","og_title":"Valoraci\u00f3n y certificaci\u00f3n &#8226; Athlon","og_description":"Ofrecemos ex\u00e1menes de salud y deportivos, con prueba de esfuerzo, dirigidos a todas aquellas personas que quieran conocer su estado de salud y condici\u00f3n f\u00edsica.","og_url":"https:\/\/athl.wdemo.net\/es\/servicios\/valoracion-y-certificacion\/","og_site_name":"Athlon","article_publisher":"https:\/\/www.facebook.com\/AthlonKoop\/","article_modified_time":"2026-04-15T12:12:34+00:00","og_image":[{"width":1920,"height":1200,"url":"https:\/\/athl.wdemo.net\/wp-content\/uploads\/2026\/01\/main-image.jpg","type":"image\/jpeg"}],"twitter_card":"summary_large_image","twitter_misc":{"Tiempo de lectura":"1 minuto"},"schema":{"@context":"https:\/\/schema.org","@graph":[{"@type":"WebPage","@id":"https:\/\/athl.wdemo.net\/es\/servicios\/valoracion-y-certificacion\/","url":"https:\/\/athl.wdemo.net\/es\/servicios\/valoracion-y-certificacion\/","name":"Valoraci\u00f3n y certificaci\u00f3n &#8226; Athlon","isPartOf":{"@id":"https:\/\/athl.wdemo.net\/es\/#website"},"datePublished":"2026-01-12T14:59:34+00:00","dateModified":"2026-04-15T12:12:34+00:00","breadcrumb":{"@id":"https:\/\/athl.wdemo.net\/es\/servicios\/valoracion-y-certificacion\/#breadcrumb"},"inLanguage":"es","potentialAction":[{"@type":"ReadAction","target":["https:\/\/athl.wdemo.net\/es\/servicios\/valoracion-y-certificacion\/"]}]},{"@type":"BreadcrumbList","@id":"https:\/\/athl.wdemo.net\/es\/servicios\/valoracion-y-certificacion\/#breadcrumb","itemListElement":[{"@type":"ListItem","position":1,"name":"Hasiera","item":"https:\/\/athl.wdemo.net\/es\/"},{"@type":"ListItem","position":2,"name":"Servicios","item":"https:\/\/athl.wdemo.net\/es\/servicios\/"},{"@type":"ListItem","position":3,"name":"Valoraci\u00f3n y certificaci\u00f3n"}]},{"@type":"WebSite","@id":"https:\/\/athl.wdemo.net\/es\/#website","url":"https:\/\/athl.wdemo.net\/es\/","name":"Athlon","description":"Jarduera fisikoa bizi-ohitura osasungarri gisa sustatzea","publisher":{"@id":"https:\/\/athl.wdemo.net\/es\/#organization"},"potentialAction":[{"@type":"SearchAction","target":{"@type":"EntryPoint","urlTemplate":"https:\/\/athl.wdemo.net\/es\/?s={search_term_string}"},"query-input":{"@type":"PropertyValueSpecification","valueRequired":true,"valueName":"search_term_string"}}],"inLanguage":"es"},{"@type":"Organization","@id":"https:\/\/athl.wdemo.net\/es\/#organization","name":"ATHLON KOOP. E.","alternateName":"Athlon. Bizimodu osasungarrien sustapena","url":"https:\/\/athl.wdemo.net\/es\/","logo":{"@type":"ImageObject","inLanguage":"es","@id":"https:\/\/athl.wdemo.net\/es\/#\/schema\/logo\/image\/","url":"https:\/\/athl.wdemo.net\/wp-content\/uploads\/2025\/12\/logo_cg.svg","contentUrl":"https:\/\/athl.wdemo.net\/wp-content\/uploads\/2025\/12\/logo_cg.svg","width":547,"height":267,"caption":"ATHLON KOOP. E."},"image":{"@id":"https:\/\/athl.wdemo.net\/es\/#\/schema\/logo\/image\/"},"sameAs":["https:\/\/www.facebook.com\/AthlonKoop\/","https:\/\/www.instagram.com\/athlonkoop\/?hl=es","https:\/\/www.youtube.com\/user\/Athlonscoop\/videos","https:\/\/www.flickr.com\/photos\/68190106@N08\/"]}]}},"_links":{"self":[{"href":"https:\/\/athl.wdemo.net\/es\/wp-json\/wp\/v2\/pages\/8085","targetHints":{"allow":["GET"]}}],"collection":[{"href":"https:\/\/athl.wdemo.net\/es\/wp-json\/wp\/v2\/pages"}],"about":[{"href":"https:\/\/athl.wdemo.net\/es\/wp-json\/wp\/v2\/types\/page"}],"author":[{"embeddable":true,"href":"https:\/\/athl.wdemo.net\/es\/wp-json\/wp\/v2\/users\/2"}],"replies":[{"embeddable":true,"href":"https:\/\/athl.wdemo.net\/es\/wp-json\/wp\/v2\/comments?post=8085"}],"version-history":[{"count":7,"href":"https:\/\/athl.wdemo.net\/es\/wp-json\/wp\/v2\/pages\/8085\/revisions"}],"predecessor-version":[{"id":10159,"href":"https:\/\/athl.wdemo.net\/es\/wp-json\/wp\/v2\/pages\/8085\/revisions\/10159"}],"up":[{"embeddable":true,"href":"https:\/\/athl.wdemo.net\/es\/wp-json\/wp\/v2\/pages\/7888"}],"wp:attachment":[{"href":"https:\/\/athl.wdemo.net\/es\/wp-json\/wp\/v2\/media?parent=8085"}],"curies":[{"name":"wp","href":"https:\/\/api.w.org\/{rel}","templated":true}]}}